{"id":5298,"date":"2024-03-12T17:27:26","date_gmt":"2024-03-13T00:27:26","guid":{"rendered":"https:\/\/staging.bravobooks.ca\/?page_id=5298"},"modified":"2024-03-21T11:26:40","modified_gmt":"2024-03-21T18:26:40","slug":"the-little-princess-who-didnt-like-dresses","status":"publish","type":"page","link":"https:\/\/www.bravobooks.ca\/fr\/the-little-princess-who-didnt-like-dresses\/","title":{"rendered":"La petite princesse qui n\u2019aimait pas les robes"},"content":{"rendered":"<p><div class=\"fusion-fullwidth fullwidth-box fusion-builder-row-1 fusion-flex-container has-pattern-background has-mask-background nonhundred-percent-fullwidth non-hundred-percent-height-scrolling\" style=\"--awb-border-radius-top-left:0px;--awb-border-radius-top-right:0px;--awb-border-radius-bottom-right:0px;--awb-border-radius-bottom-left:0px;--awb-flex-wrap:wrap;\" ><div class=\"fusion-builder-row fusion-row fusion-flex-align-items-flex-start fusion-flex-content-wrap\" style=\"max-width:1216.8px;margin-left: calc(-4% \/ 2 );margin-right: calc(-4% \/ 2 );\"><div class=\"fusion-layout-column fusion_builder_column fusion-builder-column-0 fusion_builder_column_1_1 1_1 fusion-flex-column\" style=\"--awb-bg-size:cover;--awb-width-large:100%;--awb-margin-top-large:0px;--awb-spacing-right-large:1.92%;--awb-margin-bottom-large:20px;--awb-spacing-left-large:1.92%;--awb-width-medium:100%;--awb-order-medium:0;--awb-spacing-right-medium:1.92%;--awb-spacing-left-medium:1.92%;--awb-width-small:100%;--awb-order-small:0;--awb-spacing-right-small:1.92%;--awb-spacing-left-small:1.92%;\"><div class=\"fusion-column-wrapper fusion-column-has-shadow fusion-flex-justify-content-flex-start fusion-content-layout-column\"><div class=\"fusion-title title fusion-title-1 fusion-sep-none fusion-title-center fusion-title-text fusion-title-size-two\" style=\"--awb-margin-top-small:0px;--awb-margin-bottom-small:20px;\"><h2 class=\"fusion-title-heading title-heading-center fusion-responsive-typography-calculated\" style=\"margin:0;text-transform:none;--fontSize:42;line-height:var(--awb-typography1-line-height);\">La petite princesse qui n\u2019aimait pas les robes<\/h2><\/div><\/div><\/div><\/div><\/div><div class=\"fusion-fullwidth fullwidth-box fusion-builder-row-2 fusion-flex-container has-pattern-background has-mask-background nonhundred-percent-fullwidth non-hundred-percent-height-scrolling\" style=\"--awb-border-radius-top-left:0px;--awb-border-radius-top-right:0px;--awb-border-radius-bottom-right:0px;--awb-border-radius-bottom-left:0px;--awb-padding-bottom:26px;--awb-margin-bottom:30px;--awb-flex-wrap:wrap;\" ><div class=\"fusion-builder-row fusion-row fusion-flex-align-items-center fusion-flex-content-wrap\" style=\"max-width:1216.8px;margin-left: calc(-4% \/ 2 );margin-right: calc(-4% \/ 2 );\"><div class=\"fusion-layout-column fusion_builder_column fusion-builder-column-1 fusion_builder_column_1_4 1_4 fusion-flex-column\" style=\"--awb-bg-size:cover;--awb-width-large:25%;--awb-margin-top-large:0px;--awb-spacing-right-large:7.68%;--awb-margin-bottom-large:20px;--awb-spacing-left-large:7.68%;--awb-width-medium:100%;--awb-order-medium:0;--awb-spacing-right-medium:1.92%;--awb-spacing-left-medium:1.92%;--awb-width-small:100%;--awb-order-small:0;--awb-spacing-right-small:1.92%;--awb-spacing-left-small:1.92%;\"><div class=\"fusion-column-wrapper fusion-column-has-shadow fusion-flex-justify-content-flex-start fusion-content-layout-column\"><div class=\"fusion-image-element\" style=\"--awb-caption-title-font-family:var(--h2_typography-font-family);--awb-caption-title-font-weight:var(--h2_typography-font-weight);--awb-caption-title-font-style:var(--h2_typography-font-style);--awb-caption-title-size:var(--h2_typography-font-size);--awb-caption-title-transform:var(--h2_typography-text-transform);--awb-caption-title-line-height:var(--h2_typography-line-height);--awb-caption-title-letter-spacing:var(--h2_typography-letter-spacing);\"><span class=\"fusion-imageframe imageframe-none imageframe-1 hover-type-none\"><img decoding=\"async\" width=\"998\" height=\"1000\" title=\"IMG_4559\" src=\"https:\/\/www.bravobooks.ca\/wp-content\/uploads\/2024\/03\/IMG_4559.jpg\" data-orig-src=\"https:\/\/www.bravobooks.ca\/wp-content\/uploads\/2024\/03\/IMG_4559.jpg\" alt class=\"lazyload img-responsive wp-image-5253\" srcset=\"data:image\/svg+xml,%3Csvg%20xmlns%3D%27http%3A%2F%2Fwww.w3.org%2F2000%2Fsvg%27%20width%3D%27998%27%20height%3D%271000%27%20viewBox%3D%270%200%20998%201000%27%3E%3Crect%20width%3D%27998%27%20height%3D%271000%27%20fill-opacity%3D%220%22%2F%3E%3C%2Fsvg%3E\" data-srcset=\"https:\/\/www.bravobooks.ca\/wp-content\/uploads\/2024\/03\/IMG_4559-200x200.jpg 200w, https:\/\/www.bravobooks.ca\/wp-content\/uploads\/2024\/03\/IMG_4559-400x401.jpg 400w, https:\/\/www.bravobooks.ca\/wp-content\/uploads\/2024\/03\/IMG_4559-600x601.jpg 600w, https:\/\/www.bravobooks.ca\/wp-content\/uploads\/2024\/03\/IMG_4559-800x802.jpg 800w, https:\/\/www.bravobooks.ca\/wp-content\/uploads\/2024\/03\/IMG_4559.jpg 998w\" data-sizes=\"auto\" data-orig-sizes=\"(max-width: 1024px) 100vw, (max-width: 640px) 100vw, 400px\" \/><\/span><\/div><\/div><\/div><div class=\"fusion-layout-column fusion_builder_column fusion-builder-column-2 fusion_builder_column_3_4 3_4 fusion-flex-column\" style=\"--awb-bg-size:cover;--awb-width-large:75%;--awb-margin-top-large:0px;--awb-spacing-right-large:2.56%;--awb-margin-bottom-large:20px;--awb-spacing-left-large:2.56%;--awb-width-medium:100%;--awb-order-medium:0;--awb-spacing-right-medium:1.92%;--awb-spacing-left-medium:1.92%;--awb-width-small:100%;--awb-order-small:0;--awb-spacing-right-small:1.92%;--awb-spacing-left-small:1.92%;\"><div class=\"fusion-column-wrapper fusion-column-has-shadow fusion-flex-justify-content-flex-start fusion-content-layout-column\"><div class=\"fusion-text fusion-text-1\"><p>Ouvrage illustr\u00e9 pour enfants \u2013 ainsi que pour les parents qui lisent \u00e0 haute voix \u2013 ayant la particularit\u00e9 de pouvoir \u00eatre lu au recto en fran\u00e7ais et au verso en anglais. C\u2019est bien la m\u00eame histoire qui se r\u00e9p\u00e8te sans pour autant \u00eatre une traduction fig\u00e9e. Ce livre a \u00e9t\u00e9 con\u00e7u dans un premier temps pour aborder le bilinguisme comme une chance de pouvoir penser, s\u2019exprimer et mettre des mots sur notre imaginaire, avec deux langues diff\u00e9rentes. \u00c0 quel public s\u2019adresse-t-il ? C\u2019est un livre fait pour les 3 \u00e0 10 ans, et tous ceux qui s\u2019habillent le matin.<\/p>\n<\/div><div class=\"sm-text-align-center\"><a class=\"fusion-button button-flat button-xlarge button-default fusion-button-default button-1 fusion-button-default-span fusion-button-default-type\" target=\"_self\" href=\"\/fr\/buy-book\/\"><span class=\"fusion-button-text awb-button__text awb-button__text--default\">Acheter un livre<\/span><\/a><\/div><\/div><\/div><\/div><\/div><div class=\"fusion-fullwidth fullwidth-box fusion-builder-row-3 fusion-flex-container has-pattern-background has-mask-background nonhundred-percent-fullwidth non-hundred-percent-height-scrolling\" style=\"--awb-border-radius-top-left:0px;--awb-border-radius-top-right:0px;--awb-border-radius-bottom-right:0px;--awb-border-radius-bottom-left:0px;--awb-flex-wrap:wrap;\" ><div class=\"fusion-builder-row fusion-row fusion-flex-align-items-flex-start fusion-flex-content-wrap\" style=\"max-width:1216.8px;margin-left: calc(-4% \/ 2 );margin-right: calc(-4% \/ 2 );\"><div class=\"fusion-layout-column fusion_builder_column fusion-builder-column-3 fusion_builder_column_1_1 1_1 fusion-flex-column\" style=\"--awb-bg-size:cover;--awb-width-large:100%;--awb-margin-top-large:0px;--awb-spacing-right-large:1.92%;--awb-margin-bottom-large:20px;--awb-spacing-left-large:1.92%;--awb-width-medium:100%;--awb-order-medium:0;--awb-spacing-right-medium:1.92%;--awb-spacing-left-medium:1.92%;--awb-width-small:100%;--awb-order-small:0;--awb-spacing-right-small:1.92%;--awb-spacing-left-small:1.92%;\"><div class=\"fusion-column-wrapper fusion-column-has-shadow fusion-flex-justify-content-flex-start fusion-content-layout-column\"><div class=\"fusion-title title fusion-title-2 fusion-sep-none fusion-title-center fusion-title-text fusion-title-size-two\" style=\"--awb-margin-top-small:0px;--awb-margin-bottom-small:20px;\"><h2 class=\"fusion-title-heading title-heading-center fusion-responsive-typography-calculated\" style=\"margin:0;text-transform:none;--fontSize:42;line-height:var(--awb-typography1-line-height);\">\u00c0 propos de l\u2019auteure et de l\u2019illustratrice<\/h2><\/div><\/div><\/div><\/div><\/div><div class=\"fusion-fullwidth fullwidth-box fusion-builder-row-4 fusion-flex-container nonhundred-percent-fullwidth non-hundred-percent-height-scrolling\" style=\"--awb-border-radius-top-left:0px;--awb-border-radius-top-right:0px;--awb-border-radius-bottom-right:0px;--awb-border-radius-bottom-left:0px;--awb-margin-bottom:37px;--awb-margin-bottom-medium:80px;--awb-margin-bottom-small:60px;--awb-flex-wrap:wrap;\" ><div class=\"fusion-builder-row fusion-row fusion-flex-align-items-flex-start fusion-flex-justify-content-center fusion-flex-content-wrap\" style=\"max-width:1216.8px;margin-left: calc(-4% \/ 2 );margin-right: calc(-4% \/ 2 );\"><div class=\"fusion-layout-column fusion_builder_column fusion-builder-column-4 fusion_builder_column_1_2 1_2 fusion-flex-column\" style=\"--awb-bg-blend:overlay;--awb-bg-size:cover;--awb-border-color:hsla(var(--awb-color8-h),var(--awb-color8-s),calc( var(--awb-color8-l) + 87% ),var(--awb-color8-a));--awb-border-style:solid;--awb-width-large:50%;--awb-margin-top-large:0px;--awb-spacing-right-large:3.84%;--awb-margin-bottom-large:10px;--awb-spacing-left-large:3.84%;--awb-width-medium:50%;--awb-spacing-right-medium:3.84%;--awb-spacing-left-medium:3.84%;--awb-width-small:100%;--awb-spacing-right-small:1.92%;--awb-spacing-left-small:1.92%;\"><div class=\"fusion-column-wrapper fusion-column-has-shadow fusion-flex-justify-content-flex-start fusion-content-layout-column\"><div class=\"fusion-image-element\" style=\"text-align:center;--awb-aspect-ratio:1 \/ 1;--awb-object-position:100% 44%;--awb-mask-url: url(https:\/\/www.bravobooks.ca\/wp-content\/plugins\/fusion-builder\/\/assets\/images\/masks\/mask-1.svg);--awb-max-width:250px;--awb-caption-title-font-family:var(--h2_typography-font-family);--awb-caption-title-font-weight:var(--h2_typography-font-weight);--awb-caption-title-font-style:var(--h2_typography-font-style);--awb-caption-title-size:var(--h2_typography-font-size);--awb-caption-title-transform:var(--h2_typography-text-transform);--awb-caption-title-line-height:var(--h2_typography-line-height);--awb-caption-title-letter-spacing:var(--h2_typography-letter-spacing);\"><div style=\"display:inline-block;width:250px;\"><span class=\"fusion-imageframe imageframe-none imageframe-2 hover-type-none has-mask has-aspect-ratio\"><img decoding=\"async\" width=\"1006\" height=\"1000\" title=\"IMG_4561\" src=\"https:\/\/www.bravobooks.ca\/wp-content\/uploads\/2024\/03\/IMG_4561.jpg\" data-orig-src=\"https:\/\/www.bravobooks.ca\/wp-content\/uploads\/2024\/03\/IMG_4561.jpg\" class=\"lazyload img-responsive wp-image-5254 img-with-aspect-ratio\" data-parent-fit=\"cover\" data-parent-container=\".fusion-image-element\" alt srcset=\"data:image\/svg+xml,%3Csvg%20xmlns%3D%27http%3A%2F%2Fwww.w3.org%2F2000%2Fsvg%27%20width%3D%271006%27%20height%3D%271000%27%20viewBox%3D%270%200%201006%201000%27%3E%3Crect%20width%3D%271006%27%20height%3D%271000%27%20fill-opacity%3D%220%22%2F%3E%3C%2Fsvg%3E\" data-srcset=\"https:\/\/www.bravobooks.ca\/wp-content\/uploads\/2024\/03\/IMG_4561-200x199.jpg 200w, https:\/\/www.bravobooks.ca\/wp-content\/uploads\/2024\/03\/IMG_4561-400x398.jpg 400w, https:\/\/www.bravobooks.ca\/wp-content\/uploads\/2024\/03\/IMG_4561-600x596.jpg 600w, https:\/\/www.bravobooks.ca\/wp-content\/uploads\/2024\/03\/IMG_4561-800x795.jpg 800w, https:\/\/www.bravobooks.ca\/wp-content\/uploads\/2024\/03\/IMG_4561.jpg 1006w\" data-sizes=\"auto\" data-orig-sizes=\"(max-width: 1024px) 100vw, (max-width: 640px) 100vw, 600px\" \/><\/span><\/div><\/div><div class=\"fusion-title title fusion-title-3 fusion-sep-none fusion-title-center fusion-title-text fusion-title-size-three\" style=\"--awb-margin-bottom:20px;--awb-margin-top-small:0px;--awb-margin-bottom-small:20px;\"><h3 class=\"fusion-title-heading title-heading-center fusion-responsive-typography-calculated\" style=\"margin:0;text-transform:capitalize;--fontSize:25;line-height:var(--awb-typography1-line-height);\">Harmonie Garry<\/h3><\/div><div class=\"fusion-text fusion-text-2 fusion-text-no-margin\" style=\"--awb-content-alignment:center;--awb-font-size:16px;--awb-margin-bottom:30px;\"><p>Auteure<\/p>\n<p>N\u00e9e dans le nord-ouest de la France, Harmonie poursuit sa passion d\u2019enfance pour le th\u00e9\u00e2tre \u2013 et cette magie qui se cr\u00e9e lorsqu\u2019il y a rencontre \u2013 en \u00e9tudiant une licence puis un master de mise en sc\u00e8ne et de sc\u00e9nographie. Apr\u00e8s cela, il n\u2019y a plus de fronti\u00e8re : elle part en Belgique puis s\u2019envole pour le Canada, d\u2019abord au Qu\u00e9bec o\u00f9 elle travaille en tant que sc\u00e9nographe, puis en Colombie-Britannique. Elle y est install\u00e9e depuis 4 ans et compte y prendre un peu racine. Elle est maman, conseill\u00e8re \u00e0 la vie \u00e9tudiante et partenariats culturels en \u00e9coles francophones, autrice, artiste et parfois, la nuit, elle dort.<\/p>\n<\/div><\/div><\/div><\/div><\/div><\/p>","protected":false},"excerpt":{"rendered":"","protected":false},"author":1,"featured_media":0,"parent":0,"menu_order":0,"comment_status":"closed","ping_status":"closed","template":"100-width.php","meta":{"_monsterinsights_skip_tracking":false,"_monsterinsights_sitenote_active":false,"_monsterinsights_sitenote_note":"","_monsterinsights_sitenote_category":0,"footnotes":""},"class_list":["post-5298","page","type-page","status-publish","hentry"],"aioseo_notices":[],"_links":{"self":[{"href":"https:\/\/www.bravobooks.ca\/fr\/wp-json\/wp\/v2\/pages\/5298","targetHints":{"allow":["GET"]}}],"collection":[{"href":"https:\/\/www.bravobooks.ca\/fr\/wp-json\/wp\/v2\/pages"}],"about":[{"href":"https:\/\/www.bravobooks.ca\/fr\/wp-json\/wp\/v2\/types\/page"}],"author":[{"embeddable":true,"href":"https:\/\/www.bravobooks.ca\/fr\/wp-json\/wp\/v2\/users\/1"}],"replies":[{"embeddable":true,"href":"https:\/\/www.bravobooks.ca\/fr\/wp-json\/wp\/v2\/comments?post=5298"}],"version-history":[{"count":8,"href":"https:\/\/www.bravobooks.ca\/fr\/wp-json\/wp\/v2\/pages\/5298\/revisions"}],"predecessor-version":[{"id":5363,"href":"https:\/\/www.bravobooks.ca\/fr\/wp-json\/wp\/v2\/pages\/5298\/revisions\/5363"}],"wp:attachment":[{"href":"https:\/\/www.bravobooks.ca\/fr\/wp-json\/wp\/v2\/media?parent=5298"}],"curies":[{"name":"wp","href":"https:\/\/api.w.org\/{rel}","templated":true}]}}